{"id":14243,"date":"2020-12-01T09:29:03","date_gmt":"2020-12-01T07:29:03","guid":{"rendered":"http:\/\/192.168.0.108\/braintech\/?page_id=14243"},"modified":"2023-04-25T16:56:17","modified_gmt":"2023-04-25T13:56:17","slug":"sustainable-development","status":"publish","type":"page","link":"https:\/\/www.vontobelconsulting.ro\/ro\/our-services\/sustainable-development\/","title":{"rendered":"Dezvoltare durabil\u0103"},"content":{"rendered":"<div data-elementor-type=\"wp-page\" data-elementor-id=\"14243\" class=\"elementor elementor-14243\">\n\t\t\t\t\t\t\t\t\t<section class=\"elementor-section elementor-top-section elementor-element elementor-element-378e9bd5 elementor-section-full_width elementor-section-content-top elementor-section-height-default elementor-section-height-default\" data-id=\"378e9bd5\" data-element_type=\"section\">\n\t\t\t\t\t\t<div class=\"elementor-container elementor-column-gap-wide\">\n\t\t\t\t\t<div class=\"elementor-column elementor-col-50 elementor-top-column elementor-element elementor-element-4865cf78\" data-id=\"4865cf78\" data-element_type=\"column\">\n\t\t\t<div class=\"elementor-widget-wrap elementor-element-populated\">\n\t\t\t\t\t\t\t\t<div class=\"elementor-element elementor-element-3b2bca18 elementor-widget elementor-widget-rs-heading\" data-id=\"3b2bca18\" data-element_type=\"widget\" data-widget_type=\"rs-heading.default\">\n\t\t\t\t<div class=\"elementor-widget-container\">\n\t\t\t        <div class=\"rs-heading style14\">\r\n        \t<div class=\"title-inner\">        \t\t      \t\t\r\n\t            <span class=\"sub-text\">Serviciile noastre<\/span><h2 class=\"title\"><span class=\"watermark\"><\/span>DEZVOLTARE DURABIL\u0102<\/h2>\t\t\t\t\t\t\t\t\t<div class=\"heading-line\"><\/div>\r\n\t\t\t\t\t        <\/div>\r\n\t                <\/div>\r\n\r\n        \t\t<\/div>\n\t\t\t\t<\/div>\n\t\t\t\t<div class=\"elementor-element elementor-element-7e364241 elementor-widget elementor-widget-text-editor\" data-id=\"7e364241\" data-element_type=\"widget\" data-widget_type=\"text-editor.default\">\n\t\t\t\t<div class=\"elementor-widget-container\">\n\t\t\t<style>\/*! elementor - v3.15.0 - 20-08-2023 *\/\n.elementor-widget-text-editor.elementor-drop-cap-view-stacked .elementor-drop-cap{background-color:#69727d;color:#fff}.elementor-widget-text-editor.elementor-drop-cap-view-framed .elementor-drop-cap{color:#69727d;border:3px solid;background-color:transparent}.elementor-widget-text-editor:not(.elementor-drop-cap-view-default) .elementor-drop-cap{margin-top:8px}.elementor-widget-text-editor:not(.elementor-drop-cap-view-default) .elementor-drop-cap-letter{width:1em;height:1em}.elementor-widget-text-editor .elementor-drop-cap{float:left;text-align:center;line-height:1;font-size:50px}.elementor-widget-text-editor .elementor-drop-cap-letter{display:inline-block}<\/style>\t\t\t\t<p>VONTOBEL ofer\u0103 serviciile sale \u00een etapa de licita\u021bie pentru acele companii care au nevoie de asisten\u021b\u0103 pentru <strong>g\u0103sirea \u0219i contractarea candida\u021bilor potrivi\u021bi \u00een domeniul sustenabilit\u0103\u021bii \u0219i al agendei ecologice pentru a fi prezenta\u021bi \u00een proiectele lor.<\/strong> Pe baza unei baze de date complete de profiluri calificate, VONTOBEL ofer\u0103 un grup de exper\u021bi cheie locali \u0219i interna\u021bionali \u00een domeniile legate de sustenabilitate \u0219i agenda verde. Pe parcursul implement\u0103rii, atunci c\u00e2nd este necesar, VONTOBEL ofer\u0103 consultan\u021b\u0103 pentru g\u0103sirea \u0219i contractarea echipei de exper\u021bi suplimentari, califica\u021bi \u00een sectoarele \u0219i domeniile de expertiz\u0103 legate de dezvoltarea durabil\u0103 \u0219i agenda verde. Consilierea tehnic\u0103 \u00een astfel de domenii reprezint\u0103 una dintre principalele competen\u021be de baz\u0103 ale VONTOBEL.<\/p>\t\t\t\t\t\t<\/div>\n\t\t\t\t<\/div>\n\t\t\t\t\t<\/div>\n\t\t<\/div>\n\t\t\t\t<div class=\"elementor-column elementor-col-50 elementor-top-column elementor-element elementor-element-475b3f25 animated-slow\" data-id=\"475b3f25\" data-element_type=\"column\" data-settings=\"{&quot;animation&quot;:&quot;none&quot;,&quot;animation_delay&quot;:500}\">\n\t\t\t<div class=\"elementor-widget-wrap elementor-element-populated\">\n\t\t\t\t\t\t\t\t<div class=\"elementor-element elementor-element-4586c090 animated-slow elementor-widget elementor-widget-image\" data-id=\"4586c090\" data-element_type=\"widget\" data-settings=\"{&quot;_animation&quot;:&quot;none&quot;}\" data-widget_type=\"image.default\">\n\t\t\t\t<div class=\"elementor-widget-container\">\n\t\t\t<style>\/*! elementor - v3.15.0 - 20-08-2023 *\/\n.elementor-widget-image{text-align:center}.elementor-widget-image a{display:inline-block}.elementor-widget-image a img[src$=\".svg\"]{width:48px}.elementor-widget-image img{vertical-align:middle;display:inline-block}<\/style>\t\t\t\t\t\t\t\t\t\t\t\t<img decoding=\"async\" loading=\"lazy\" width=\"640\" height=\"640\" src=\"https:\/\/www.vontobelconsulting.ro\/wp-content\/uploads\/2020\/11\/software.jpg\" class=\"attachment-large size-large wp-image-12456\" alt=\"\" srcset=\"https:\/\/www.vontobelconsulting.ro\/wp-content\/uploads\/2020\/11\/software.jpg 800w, https:\/\/www.vontobelconsulting.ro\/wp-content\/uploads\/2020\/11\/software-300x300.jpg 300w, https:\/\/www.vontobelconsulting.ro\/wp-content\/uploads\/2020\/11\/software-150x150.jpg 150w, https:\/\/www.vontobelconsulting.ro\/wp-content\/uploads\/2020\/11\/software-768x768.jpg 768w, https:\/\/www.vontobelconsulting.ro\/wp-content\/uploads\/2020\/11\/software-500x500.jpg 500w, https:\/\/www.vontobelconsulting.ro\/wp-content\/uploads\/2020\/11\/software-600x600.jpg 600w, https:\/\/www.vontobelconsulting.ro\/wp-content\/uploads\/2020\/11\/software-100x100.jpg 100w\" sizes=\"(max-width: 640px) 100vw, 640px\" \/>\t\t\t\t\t\t\t\t\t\t\t\t\t\t\t<\/div>\n\t\t\t\t<\/div>\n\t\t\t\t\t<\/div>\n\t\t<\/div>\n\t\t\t\t\t\t\t<\/div>\n\t\t<\/section>\n\t\t\t\t\t\t\t<\/div>","protected":false},"excerpt":{"rendered":"<p>Our services SUSTAINABLE DEVELOPMENT VONTOBEL offers its services at procurement tender stage for those companies who require assistance for finding and contracting the right candidates in sustainability and green agenda to be presented in their projects. Based on a complete database of qualified profiles, VONTOBEL offers a pool of local and international key experts in&#8230;<\/p>","protected":false},"author":1,"featured_media":0,"parent":11559,"menu_order":0,"comment_status":"closed","ping_status":"closed","template":"","meta":{"footnotes":""},"_links":{"self":[{"href":"https:\/\/www.vontobelconsulting.ro\/ro\/wp-json\/wp\/v2\/pages\/14243"}],"collection":[{"href":"https:\/\/www.vontobelconsulting.ro\/ro\/wp-json\/wp\/v2\/pages"}],"about":[{"href":"https:\/\/www.vontobelconsulting.ro\/ro\/wp-json\/wp\/v2\/types\/page"}],"author":[{"embeddable":true,"href":"https:\/\/www.vontobelconsulting.ro\/ro\/wp-json\/wp\/v2\/users\/1"}],"replies":[{"embeddable":true,"href":"https:\/\/www.vontobelconsulting.ro\/ro\/wp-json\/wp\/v2\/comments?post=14243"}],"version-history":[{"count":18,"href":"https:\/\/www.vontobelconsulting.ro\/ro\/wp-json\/wp\/v2\/pages\/14243\/revisions"}],"predecessor-version":[{"id":21663,"href":"https:\/\/www.vontobelconsulting.ro\/ro\/wp-json\/wp\/v2\/pages\/14243\/revisions\/21663"}],"up":[{"embeddable":true,"href":"https:\/\/www.vontobelconsulting.ro\/ro\/wp-json\/wp\/v2\/pages\/11559"}],"wp:attachment":[{"href":"https:\/\/www.vontobelconsulting.ro\/ro\/wp-json\/wp\/v2\/media?parent=14243"}],"curies":[{"name":"wp","href":"https:\/\/api.w.org\/{rel}","templated":true}]}}