{"id":14266,"date":"2020-12-01T09:33:37","date_gmt":"2020-12-01T07:33:37","guid":{"rendered":"http:\/\/192.168.0.108\/braintech\/?page_id=14266"},"modified":"2022-04-12T08:59:30","modified_gmt":"2022-04-12T05:59:30","slug":"quality-control-services","status":"publish","type":"page","link":"https:\/\/www.vontobelconsulting.ro\/ro\/our-services\/quality-control-services\/","title":{"rendered":"Servicii de control al calit\u0103\u021bii"},"content":{"rendered":"<div data-elementor-type=\"wp-page\" data-elementor-id=\"14266\" class=\"elementor elementor-14266\">\n\t\t\t\t\t\t\t\t\t<section class=\"elementor-section elementor-top-section elementor-element elementor-element-70d0358 elementor-section-full_width elementor-section-content-top elementor-section-height-default elementor-section-height-default\" data-id=\"70d0358\" data-element_type=\"section\">\n\t\t\t\t\t\t<div class=\"elementor-container elementor-column-gap-wide\">\n\t\t\t\t\t<div class=\"elementor-column elementor-col-50 elementor-top-column elementor-element elementor-element-180a140\" data-id=\"180a140\" data-element_type=\"column\">\n\t\t\t<div class=\"elementor-widget-wrap elementor-element-populated\">\n\t\t\t\t\t\t\t\t<div class=\"elementor-element elementor-element-85c37bd elementor-widget elementor-widget-rs-heading\" data-id=\"85c37bd\" data-element_type=\"widget\" data-widget_type=\"rs-heading.default\">\n\t\t\t\t<div class=\"elementor-widget-container\">\n\t\t\t        <div class=\"rs-heading style14\">\r\n        \t<div class=\"title-inner\">        \t\t      \t\t\r\n\t            <span class=\"sub-text\">Serviciile noastre<\/span><h2 class=\"title\"><span class=\"watermark\"><\/span>SERVICII DE CONTROL AL CALIT\u0102\u021aII<\/h2>\t\t\t\t\t\t\t\t\t<div class=\"heading-line\"><\/div>\r\n\t\t\t\t\t        <\/div>\r\n\t                <\/div>\r\n\r\n        \t\t<\/div>\n\t\t\t\t<\/div>\n\t\t\t\t<div class=\"elementor-element elementor-element-8622cc3 elementor-widget elementor-widget-text-editor\" data-id=\"8622cc3\" data-element_type=\"widget\" data-widget_type=\"text-editor.default\">\n\t\t\t\t<div class=\"elementor-widget-container\">\n\t\t\t<style>\/*! elementor - v3.15.0 - 20-08-2023 *\/\n.elementor-widget-text-editor.elementor-drop-cap-view-stacked .elementor-drop-cap{background-color:#69727d;color:#fff}.elementor-widget-text-editor.elementor-drop-cap-view-framed .elementor-drop-cap{color:#69727d;border:3px solid;background-color:transparent}.elementor-widget-text-editor:not(.elementor-drop-cap-view-default) .elementor-drop-cap{margin-top:8px}.elementor-widget-text-editor:not(.elementor-drop-cap-view-default) .elementor-drop-cap-letter{width:1em;height:1em}.elementor-widget-text-editor .elementor-drop-cap{float:left;text-align:center;line-height:1;font-size:50px}.elementor-widget-text-editor .elementor-drop-cap-letter{display:inline-block}<\/style>\t\t\t\t<p>VONTOBEL va oferi ajutor acelor companii care au nevoie de <strong>sprijin pentru redactarea propunerilor tehnice<\/strong> (de la comentarii privind termenii de referin\u021b\u0103, proiectarea planului de lucru, definirea ra\u021bional\u0103 \u0219i strategic\u0103, conceperea \u0219i dezvoltarea activit\u0103\u021bilor proiectului pe baza matricei cadrului logic \u0219i a arborelui de probleme). Aceste servicii sunt esen\u021biale pentru a reduce volumul de munc\u0103, pentru a cre\u0219te calitatea propunerii \u0219i pentru a evita s\u0103 fac\u0103 gre\u0219eli \u0219i s\u0103 fie descalificate. Verific\u00e2nd toate documentele administrative ale ofertei, asigur\u00e2nd controlul calit\u0103\u021bii tehnice a activit\u0103\u021bilor proiectului \u0219i oferind consultan\u021b\u0103 adecvat\u0103 privind propunerile financiare pe baza teoriei jocurilor,<strong> v\u0103 cre\u0219tem cu siguran\u021b\u0103 rata de c\u00e2\u0219tig a ofertei.<\/strong><\/p><p>Dac\u0103 societatea dumneavoastr\u0103 este saturat\u0103 sau trebuie s\u0103 preg\u0103teasc\u0103 mai multe propuneri tehnice \u00een acela\u0219i timp sau dac\u0103 societatea dumneavoastr\u0103 are dificult\u0103\u021bi \u00een a g\u0103si candida\u021bii potrivi\u021bi pentru a fi prezenta\u021bi, dac\u0103 societatea dumneavoastr\u0103 se afl\u0103 sub presiune \u0219i nu are suficient personal \u00een perioadele de selec\u021bie sau de vacan\u021b\u0103, VONTOBEL v\u0103 poate ajuta pentru a v\u0103 atinge obiectivele \u0219i pentru a asigura livrarea num\u0103rului corect de propuneri de licita\u021bie la standardele \u00eenalte de calitate necesare.<\/p>\t\t\t\t\t\t<\/div>\n\t\t\t\t<\/div>\n\t\t\t\t\t<\/div>\n\t\t<\/div>\n\t\t\t\t<div class=\"elementor-column elementor-col-50 elementor-top-column elementor-element elementor-element-97938da animated-slow\" data-id=\"97938da\" data-element_type=\"column\" data-settings=\"{&quot;animation&quot;:&quot;none&quot;,&quot;animation_delay&quot;:500}\">\n\t\t\t<div class=\"elementor-widget-wrap elementor-element-populated\">\n\t\t\t\t\t\t\t\t<div class=\"elementor-element elementor-element-f9a5035 animated-slow elementor-widget elementor-widget-image\" data-id=\"f9a5035\" data-element_type=\"widget\" data-settings=\"{&quot;_animation&quot;:&quot;none&quot;}\" data-widget_type=\"image.default\">\n\t\t\t\t<div class=\"elementor-widget-container\">\n\t\t\t<style>\/*! elementor - v3.15.0 - 20-08-2023 *\/\n.elementor-widget-image{text-align:center}.elementor-widget-image a{display:inline-block}.elementor-widget-image a img[src$=\".svg\"]{width:48px}.elementor-widget-image img{vertical-align:middle;display:inline-block}<\/style>\t\t\t\t\t\t\t\t\t\t\t\t<img decoding=\"async\" loading=\"lazy\" width=\"550\" height=\"367\" src=\"https:\/\/www.vontobelconsulting.ro\/wp-content\/uploads\/2021\/08\/service_4.jpg\" class=\"attachment-large size-large wp-image-20397\" alt=\"\" srcset=\"https:\/\/www.vontobelconsulting.ro\/wp-content\/uploads\/2021\/08\/service_4.jpg 550w, https:\/\/www.vontobelconsulting.ro\/wp-content\/uploads\/2021\/08\/service_4-300x200.jpg 300w, https:\/\/www.vontobelconsulting.ro\/wp-content\/uploads\/2021\/08\/service_4-365x243.jpg 365w\" sizes=\"(max-width: 550px) 100vw, 550px\" \/>\t\t\t\t\t\t\t\t\t\t\t\t\t\t\t<\/div>\n\t\t\t\t<\/div>\n\t\t\t\t\t<\/div>\n\t\t<\/div>\n\t\t\t\t\t\t\t<\/div>\n\t\t<\/section>\n\t\t\t\t\t\t\t<\/div>","protected":false},"excerpt":{"rendered":"<p>Our services QUALITY CONTROL SERVICES VONTOBEL will provide help to those companies requiring support for writing technical proposals (from comments on Terms of References, work plan design, rational and strategy definition, conception and development of the project activities based on the logical framework matrix and problem tree). These services are key in order to reduce&#8230;<\/p>","protected":false},"author":1,"featured_media":0,"parent":11559,"menu_order":0,"comment_status":"closed","ping_status":"closed","template":"","meta":{"footnotes":""},"_links":{"self":[{"href":"https:\/\/www.vontobelconsulting.ro\/ro\/wp-json\/wp\/v2\/pages\/14266"}],"collection":[{"href":"https:\/\/www.vontobelconsulting.ro\/ro\/wp-json\/wp\/v2\/pages"}],"about":[{"href":"https:\/\/www.vontobelconsulting.ro\/ro\/wp-json\/wp\/v2\/types\/page"}],"author":[{"embeddable":true,"href":"https:\/\/www.vontobelconsulting.ro\/ro\/wp-json\/wp\/v2\/users\/1"}],"replies":[{"embeddable":true,"href":"https:\/\/www.vontobelconsulting.ro\/ro\/wp-json\/wp\/v2\/comments?post=14266"}],"version-history":[{"count":23,"href":"https:\/\/www.vontobelconsulting.ro\/ro\/wp-json\/wp\/v2\/pages\/14266\/revisions"}],"predecessor-version":[{"id":21576,"href":"https:\/\/www.vontobelconsulting.ro\/ro\/wp-json\/wp\/v2\/pages\/14266\/revisions\/21576"}],"up":[{"embeddable":true,"href":"https:\/\/www.vontobelconsulting.ro\/ro\/wp-json\/wp\/v2\/pages\/11559"}],"wp:attachment":[{"href":"https:\/\/www.vontobelconsulting.ro\/ro\/wp-json\/wp\/v2\/media?parent=14266"}],"curies":[{"name":"wp","href":"https:\/\/api.w.org\/{rel}","templated":true}]}}