{"id":21090,"date":"2022-02-27T11:39:36","date_gmt":"2022-02-27T09:39:36","guid":{"rendered":"https:\/\/www.vontobelconsulting.ro\/?page_id=21090"},"modified":"2022-03-29T10:29:30","modified_gmt":"2022-03-29T07:29:30","slug":"our-mission","status":"publish","type":"page","link":"https:\/\/www.vontobelconsulting.ro\/ro\/our-mission\/","title":{"rendered":"Misiunea noastr\u0103"},"content":{"rendered":"<div data-elementor-type=\"wp-page\" data-elementor-id=\"21090\" class=\"elementor elementor-21090\">\n\t\t\t\t\t\t\t\t\t<section class=\"elementor-section elementor-top-section elementor-element elementor-element-47defc5 elementor-section-boxed elementor-section-height-default elementor-section-height-default\" data-id=\"47defc5\" data-element_type=\"section\">\n\t\t\t\t\t\t<div class=\"elementor-container elementor-column-gap-default\">\n\t\t\t\t\t<div class=\"elementor-column elementor-col-33 elementor-top-column elementor-element elementor-element-f59a38f\" data-id=\"f59a38f\" data-element_type=\"column\">\n\t\t\t<div class=\"elementor-widget-wrap elementor-element-populated\">\n\t\t\t\t\t\t\t\t<div class=\"elementor-element elementor-element-077084c elementor-widget elementor-widget-rs-heading\" data-id=\"077084c\" data-element_type=\"widget\" data-widget_type=\"rs-heading.default\">\n\t\t\t\t<div class=\"elementor-widget-container\">\n\t\t\t        <div class=\"rs-heading default\">\r\n        \t<div class=\"title-inner\">        \t\t      \t\t\r\n\t            <h2 class=\"title\"><span class=\"watermark\"><\/span>Viziunea noastr\u0103<\/h2>\t\t\t\t\t        <\/div>\r\n\t                <\/div>\r\n\r\n        \t\t<\/div>\n\t\t\t\t<\/div>\n\t\t\t\t<div class=\"elementor-element elementor-element-ecb1cce elementor-widget elementor-widget-text-editor\" data-id=\"ecb1cce\" data-element_type=\"widget\" data-widget_type=\"text-editor.default\">\n\t\t\t\t<div class=\"elementor-widget-container\">\n\t\t\t<style>\/*! elementor - v3.15.0 - 20-08-2023 *\/\n.elementor-widget-text-editor.elementor-drop-cap-view-stacked .elementor-drop-cap{background-color:#69727d;color:#fff}.elementor-widget-text-editor.elementor-drop-cap-view-framed .elementor-drop-cap{color:#69727d;border:3px solid;background-color:transparent}.elementor-widget-text-editor:not(.elementor-drop-cap-view-default) .elementor-drop-cap{margin-top:8px}.elementor-widget-text-editor:not(.elementor-drop-cap-view-default) .elementor-drop-cap-letter{width:1em;height:1em}.elementor-widget-text-editor .elementor-drop-cap{float:left;text-align:center;line-height:1;font-size:50px}.elementor-widget-text-editor .elementor-drop-cap-letter{display:inline-block}<\/style>\t\t\t\t<p>Misiunea noastr\u0103 este de a-i inspira pe clien\u021bii no\u0219tri s\u0103 se concentreze pe un impact preeminent \u0219i s\u0103 ia \u00een considerare \u00een profunzime sustenabilitatea \u0219i agenda verde ca factor cheie al dezvolt\u0103rii sociale \u0219i economice a modelelor lor de afaceri.<\/p><p>Lucr\u0103m \u00eempreun\u0103 cu clien\u021bii pentru a conduce un val de inova\u021bie \u0219i de cre\u0219tere a dezvolt\u0103rii economice care protejeaz\u0103 planeta noastr\u0103 \u0219i promoveaz\u0103 sustenabilitatea.<\/p>\t\t\t\t\t\t<\/div>\n\t\t\t\t<\/div>\n\t\t\t\t<div class=\"elementor-element elementor-element-1599229 elementor-widget elementor-widget-rs-button\" data-id=\"1599229\" data-element_type=\"widget\" data-widget_type=\"rs-button.default\">\n\t\t\t\t<div class=\"elementor-widget-container\">\n\t\t\t\t\r\n\t\t\r\n\t\t\t\t\t<div class=\"rs-btn\">\r\n\t\t\t\t\t\t\t\t<a class=\"readon rs_button\" href=\"https:\/\/www.vontobelconsulting.ro\/ro\/our-mission\/our-vision\/\" >\t\t\t\t\r\n\t\t\t\t\t<span class=\"btn_text\">Mai mult...<\/span>\r\n\t\t\t\t\t\t\t\t\t<\/a>\r\n\t\t\t<\/div> \r\n\t\t   \r\n\t\t\t<\/div>\n\t\t\t\t<\/div>\n\t\t\t\t\t<\/div>\n\t\t<\/div>\n\t\t\t\t<div class=\"elementor-column elementor-col-33 elementor-top-column elementor-element elementor-element-487afff\" data-id=\"487afff\" data-element_type=\"column\">\n\t\t\t<div class=\"elementor-widget-wrap elementor-element-populated\">\n\t\t\t\t\t\t\t\t<div class=\"elementor-element elementor-element-e7032a4 elementor-widget elementor-widget-rs-heading\" data-id=\"e7032a4\" data-element_type=\"widget\" data-widget_type=\"rs-heading.default\">\n\t\t\t\t<div class=\"elementor-widget-container\">\n\t\t\t        <div class=\"rs-heading default\">\r\n        \t<div class=\"title-inner\">        \t\t      \t\t\r\n\t            <h2 class=\"title\"><span class=\"watermark\"><\/span>Serviciile noastre \"W\"<\/h2>\t\t\t\t\t        <\/div>\r\n\t                <\/div>\r\n\r\n        \t\t<\/div>\n\t\t\t\t<\/div>\n\t\t\t\t<div class=\"elementor-element elementor-element-e027904 elementor-widget elementor-widget-text-editor\" data-id=\"e027904\" data-element_type=\"widget\" data-widget_type=\"text-editor.default\">\n\t\t\t\t<div class=\"elementor-widget-container\">\n\t\t\t\t\t\t\t<p>- C\u00e2nd v\u0103 afla\u021bi sub presiune pentru a ob\u021bine rezultate,<\/p><p>- Atunci c\u00e2nd ave\u021bi ceva presant \u00een minte, fie c\u0103 este vorba de o nevoie strategic\u0103 major\u0103, opera\u021bional\u0103 sau de o provocare organiza\u021bional\u0103.\u00a0<\/p><p>- Atunci c\u00e2nd informa\u021biile sunt greu de ob\u021binut \u0219i informa\u021biile sunt rare.<\/p>\t\t\t\t\t\t<\/div>\n\t\t\t\t<\/div>\n\t\t\t\t<div class=\"elementor-element elementor-element-eb48def elementor-widget elementor-widget-rs-button\" data-id=\"eb48def\" data-element_type=\"widget\" data-widget_type=\"rs-button.default\">\n\t\t\t\t<div class=\"elementor-widget-container\">\n\t\t\t\t\r\n\t\t\r\n\t\t\t\t\t<div class=\"rs-btn\">\r\n\t\t\t\t\t\t\t\t<a class=\"readon rs_button\" href=\"https:\/\/www.vontobelconsulting.ro\/ro\/our-mission\/our-w-services\/\" >\t\t\t\t\r\n\t\t\t\t\t<span class=\"btn_text\">Mai mult...<\/span>\r\n\t\t\t\t\t\t\t\t\t<\/a>\r\n\t\t\t<\/div> \r\n\t\t   \r\n\t\t\t<\/div>\n\t\t\t\t<\/div>\n\t\t\t\t\t<\/div>\n\t\t<\/div>\n\t\t\t\t<div class=\"elementor-column elementor-col-33 elementor-top-column elementor-element elementor-element-7f288b8\" data-id=\"7f288b8\" data-element_type=\"column\">\n\t\t\t<div class=\"elementor-widget-wrap elementor-element-populated\">\n\t\t\t\t\t\t\t\t<div class=\"elementor-element elementor-element-210eeb3 elementor-widget elementor-widget-rs-heading\" data-id=\"210eeb3\" data-element_type=\"widget\" data-widget_type=\"rs-heading.default\">\n\t\t\t\t<div class=\"elementor-widget-container\">\n\t\t\t        <div class=\"rs-heading default\">\r\n        \t<div class=\"title-inner\">        \t\t      \t\t\r\n\t            <h2 class=\"title\"><span class=\"watermark\"><\/span>Abordarea noastr\u0103 <\/h2>\t\t\t\t\t        <\/div>\r\n\t                <\/div>\r\n\r\n        \t\t<\/div>\n\t\t\t\t<\/div>\n\t\t\t\t<div class=\"elementor-element elementor-element-612a3bd elementor-widget elementor-widget-text-editor\" data-id=\"612a3bd\" data-element_type=\"widget\" data-widget_type=\"text-editor.default\">\n\t\t\t\t<div class=\"elementor-widget-container\">\n\t\t\t\t\t\t\t<p>Oferim clien\u021bilor no\u0219tri consultan\u021b\u0103 personalizat\u0103 cu privire la cazurile de succes \u0219i la abord\u0103rile relevante din diferite \u021b\u0103ri \u0219i le adapt\u0103m la situa\u021bia lor local\u0103 specific\u0103, lucr\u00e2nd \u00eendeaproape cu ei.<\/p><p>Ajut\u0103m oamenii din cadrul companiilor s\u0103 \u00ee\u0219i dezvolte solu\u021bii durabile. Suntem cei care rezolv\u0103 problemele.<\/p>\t\t\t\t\t\t<\/div>\n\t\t\t\t<\/div>\n\t\t\t\t<div class=\"elementor-element elementor-element-8c713c1 elementor-widget elementor-widget-rs-button\" data-id=\"8c713c1\" data-element_type=\"widget\" data-widget_type=\"rs-button.default\">\n\t\t\t\t<div class=\"elementor-widget-container\">\n\t\t\t\t\r\n\t\t\r\n\t\t\t\t\t<div class=\"rs-btn\">\r\n\t\t\t\t\t\t\t\t<a class=\"readon rs_button\" href=\"https:\/\/www.vontobelconsulting.ro\/ro\/our-mission\/our-approach\/\" >\t\t\t\t\r\n\t\t\t\t\t<span class=\"btn_text\">Mai mult...<\/span>\r\n\t\t\t\t\t\t\t\t\t<\/a>\r\n\t\t\t<\/div> \r\n\t\t   \r\n\t\t\t<\/div>\n\t\t\t\t<\/div>\n\t\t\t\t\t<\/div>\n\t\t<\/div>\n\t\t\t\t\t\t\t<\/div>\n\t\t<\/section>\n\t\t\t\t\t\t\t<\/div>","protected":false},"excerpt":{"rendered":"<p>Our vision Our mission is to inspire our clients to be focused on preeminent impact and deeply consider sustainability and green agenda as a key factor of social and economic development of their business models. We are working with clients to lead a wave of innovation and economic development growth that safeguards our planet and&#8230;<\/p>","protected":false},"author":1,"featured_media":0,"parent":0,"menu_order":0,"comment_status":"closed","ping_status":"closed","template":"","meta":{"footnotes":""},"_links":{"self":[{"href":"https:\/\/www.vontobelconsulting.ro\/ro\/wp-json\/wp\/v2\/pages\/21090"}],"collection":[{"href":"https:\/\/www.vontobelconsulting.ro\/ro\/wp-json\/wp\/v2\/pages"}],"about":[{"href":"https:\/\/www.vontobelconsulting.ro\/ro\/wp-json\/wp\/v2\/types\/page"}],"author":[{"embeddable":true,"href":"https:\/\/www.vontobelconsulting.ro\/ro\/wp-json\/wp\/v2\/users\/1"}],"replies":[{"embeddable":true,"href":"https:\/\/www.vontobelconsulting.ro\/ro\/wp-json\/wp\/v2\/comments?post=21090"}],"version-history":[{"count":19,"href":"https:\/\/www.vontobelconsulting.ro\/ro\/wp-json\/wp\/v2\/pages\/21090\/revisions"}],"predecessor-version":[{"id":21521,"href":"https:\/\/www.vontobelconsulting.ro\/ro\/wp-json\/wp\/v2\/pages\/21090\/revisions\/21521"}],"wp:attachment":[{"href":"https:\/\/www.vontobelconsulting.ro\/ro\/wp-json\/wp\/v2\/media?parent=21090"}],"curies":[{"name":"wp","href":"https:\/\/api.w.org\/{rel}","templated":true}]}}