{"id":21129,"date":"2022-03-01T16:23:06","date_gmt":"2022-03-01T14:23:06","guid":{"rendered":"https:\/\/www.vontobelconsulting.ro\/?page_id=21129"},"modified":"2022-03-08T17:04:07","modified_gmt":"2022-03-08T15:04:07","slug":"our-vision","status":"publish","type":"page","link":"https:\/\/www.vontobelconsulting.ro\/ro\/our-mission\/our-vision\/","title":{"rendered":"Viziunea noastr\u0103"},"content":{"rendered":"<div data-elementor-type=\"wp-page\" data-elementor-id=\"21129\" class=\"elementor elementor-21129\">\n\t\t\t\t\t\t\t\t\t<section class=\"elementor-section elementor-top-section elementor-element elementor-element-1defb86 elementor-section-boxed elementor-section-height-default elementor-section-height-default\" data-id=\"1defb86\" data-element_type=\"section\">\n\t\t\t\t\t\t<div class=\"elementor-container elementor-column-gap-default\">\n\t\t\t\t\t<div class=\"elementor-column elementor-col-100 elementor-top-column elementor-element elementor-element-2d0b000\" data-id=\"2d0b000\" data-element_type=\"column\">\n\t\t\t<div class=\"elementor-widget-wrap elementor-element-populated\">\n\t\t\t\t\t\t\t\t<div class=\"elementor-element elementor-element-8933cf7 elementor-widget elementor-widget-heading\" data-id=\"8933cf7\" data-element_type=\"widget\" data-widget_type=\"heading.default\">\n\t\t\t\t<div class=\"elementor-widget-container\">\n\t\t\t<style>\/*! elementor - v3.15.0 - 20-08-2023 *\/\n.elementor-heading-title{padding:0;margin:0;line-height:1}.elementor-widget-heading .elementor-heading-title[class*=elementor-size-]>a{color:inherit;font-size:inherit;line-height:inherit}.elementor-widget-heading .elementor-heading-title.elementor-size-small{font-size:15px}.elementor-widget-heading .elementor-heading-title.elementor-size-medium{font-size:19px}.elementor-widget-heading .elementor-heading-title.elementor-size-large{font-size:29px}.elementor-widget-heading .elementor-heading-title.elementor-size-xl{font-size:39px}.elementor-widget-heading .elementor-heading-title.elementor-size-xxl{font-size:59px}<\/style><h2 class=\"elementor-heading-title elementor-size-default\">Viziunea noastr\u0103<\/h2>\t\t<\/div>\n\t\t\t\t<\/div>\n\t\t\t\t\t<\/div>\n\t\t<\/div>\n\t\t\t\t\t\t\t<\/div>\n\t\t<\/section>\n\t\t\t\t<section class=\"elementor-section elementor-top-section elementor-element elementor-element-b874518 elementor-section-boxed elementor-section-height-default elementor-section-height-default\" data-id=\"b874518\" data-element_type=\"section\">\n\t\t\t\t\t\t<div class=\"elementor-container elementor-column-gap-default\">\n\t\t\t\t\t<div class=\"elementor-column elementor-col-100 elementor-top-column elementor-element elementor-element-52dc59d\" data-id=\"52dc59d\" data-element_type=\"column\">\n\t\t\t<div class=\"elementor-widget-wrap elementor-element-populated\">\n\t\t\t\t\t\t\t\t<div class=\"elementor-element elementor-element-4ebb054 elementor-widget elementor-widget-text-editor\" data-id=\"4ebb054\" data-element_type=\"widget\" data-widget_type=\"text-editor.default\">\n\t\t\t\t<div class=\"elementor-widget-container\">\n\t\t\t<style>\/*! elementor - v3.15.0 - 20-08-2023 *\/\n.elementor-widget-text-editor.elementor-drop-cap-view-stacked .elementor-drop-cap{background-color:#69727d;color:#fff}.elementor-widget-text-editor.elementor-drop-cap-view-framed .elementor-drop-cap{color:#69727d;border:3px solid;background-color:transparent}.elementor-widget-text-editor:not(.elementor-drop-cap-view-default) .elementor-drop-cap{margin-top:8px}.elementor-widget-text-editor:not(.elementor-drop-cap-view-default) .elementor-drop-cap-letter{width:1em;height:1em}.elementor-widget-text-editor .elementor-drop-cap{float:left;text-align:center;line-height:1;font-size:50px}.elementor-widget-text-editor .elementor-drop-cap-letter{display:inline-block}<\/style>\t\t\t\t<p>Misiunea noastr\u0103 este de a-i inspira pe clien\u021bii no\u0219tri s\u0103 se concentreze pe un impact preeminent \u0219i s\u0103 ia \u00een considerare \u00een profunzime sustenabilitatea \u0219i agenda verde ca factor cheie al dezvolt\u0103rii sociale \u0219i economice a modelelor lor de afaceri.<\/p><p>Lucr\u0103m \u00eempreun\u0103 cu clien\u021bii pentru a conduce un val de inova\u021bie \u0219i de cre\u0219tere a dezvolt\u0103rii economice care protejeaz\u0103 planeta noastr\u0103 \u0219i promoveaz\u0103 sustenabilitatea.<\/p><p>\u00a0Ne afl\u0103m \u00een prima pozi\u021bie \u00een ceea ce prive\u0219te consilierea \u00een materie de cuno\u0219tin\u021be pentru a stimula procesul de schimbare, \u00eendrum\u00e2ndu-ne clien\u021bii ca principali catalizatori pentru decarbonizarea global\u0103 \u0219i dezvoltarea economiei verzi.<\/p><p>Ne str\u0103duim s\u0103 ajut\u0103m toate sectoarele industriale s\u0103 se transforme pentru a atinge Obiectivele de Dezvoltare Durabil\u0103 (ODD) deja stabilite p\u00e2n\u0103 \u00een 2030, adaptate la contextele regionale \u0219i la procesele de transformare.<\/p><p>Construim tot ceea ce este legat de sustenabilitate \u0219i de agenda ecologic\u0103 prin valorificarea g\u00e2ndurilor noastre \u00een ceea ce prive\u0219te leadershipul responsabil, instrumente inovatoare de dezvoltare ecologic\u0103, talente dedicate dezvolt\u0103rii durabile \u0219i o platform\u0103 cadru de ecosistem ecologic axat\u0103 pe ac\u021biuni dedicate spre zero net.<\/p>\t\t\t\t\t\t<\/div>\n\t\t\t\t<\/div>\n\t\t\t\t\t<\/div>\n\t\t<\/div>\n\t\t\t\t\t\t\t<\/div>\n\t\t<\/section>\n\t\t\t\t<section class=\"elementor-section elementor-top-section elementor-element elementor-element-0f649f8 elementor-section-stretched elementor-section-full_width elementor-section-height-default elementor-section-height-default\" data-id=\"0f649f8\" data-element_type=\"section\" data-settings=\"{&quot;stretch_section&quot;:&quot;section-stretched&quot;,&quot;background_background&quot;:&quot;classic&quot;}\">\n\t\t\t\t\t\t<div class=\"elementor-container elementor-column-gap-default\">\n\t\t\t\t\t<div class=\"elementor-column elementor-col-100 elementor-top-column elementor-element elementor-element-ba78d5e\" data-id=\"ba78d5e\" data-element_type=\"column\">\n\t\t\t<div class=\"elementor-widget-wrap elementor-element-populated\">\n\t\t\t\t\t\t\t\t<section class=\"elementor-section elementor-inner-section elementor-element elementor-element-65f3d7a elementor-section-boxed elementor-section-height-default elementor-section-height-default\" data-id=\"65f3d7a\" data-element_type=\"section\">\n\t\t\t\t\t\t<div class=\"elementor-container elementor-column-gap-default\">\n\t\t\t\t\t<div class=\"elementor-column elementor-col-50 elementor-inner-column elementor-element elementor-element-312335d\" data-id=\"312335d\" data-element_type=\"column\">\n\t\t\t<div class=\"elementor-widget-wrap elementor-element-populated\">\n\t\t\t\t\t\t\t\t<div class=\"elementor-element elementor-element-84c0f7a elementor-widget elementor-widget-rs-heading\" data-id=\"84c0f7a\" data-element_type=\"widget\" data-widget_type=\"rs-heading.default\">\n\t\t\t\t<div class=\"elementor-widget-container\">\n\t\t\t        <div class=\"rs-heading default\">\r\n        \t<div class=\"title-inner\">        \t\t      \t\t\r\n\t            <span class=\"sub-text\">Pl\u0103nui\u021bi s\u0103 \u00eencepe\u021bi un proiect<\/span><h2 class=\"title\"><span class=\"watermark\"><\/span>Exper\u021bii no\u0219tri preg\u0103ti\u021bi s\u0103 v\u0103 ajute<\/h2>\t\t\t\t\t        <\/div>\r\n\t                <\/div>\r\n\r\n        \t\t<\/div>\n\t\t\t\t<\/div>\n\t\t\t\t\t<\/div>\n\t\t<\/div>\n\t\t\t\t<div class=\"elementor-column elementor-col-50 elementor-inner-column elementor-element elementor-element-d00b8ac\" data-id=\"d00b8ac\" data-element_type=\"column\">\n\t\t\t<div class=\"elementor-widget-wrap elementor-element-populated\">\n\t\t\t\t\t\t\t\t<div class=\"elementor-element elementor-element-c111c52 elementor-widget elementor-widget-rs-button\" data-id=\"c111c52\" data-element_type=\"widget\" data-widget_type=\"rs-button.default\">\n\t\t\t\t<div class=\"elementor-widget-container\">\n\t\t\t\t\r\n\t\t\r\n\t\t\t\t\t<div class=\"rs-btn\">\r\n\t\t\t\t\t\t\t\t<a class=\"readon rs_button\" href=\"\" >\t\t\t\t\r\n\t\t\t\t\t<span class=\"btn_text\">Contacta\u021bi-ne<\/span>\r\n\t\t\t\t\t\t\t\t\t<\/a>\r\n\t\t\t<\/div> \r\n\t\t   \r\n\t\t\t<\/div>\n\t\t\t\t<\/div>\n\t\t\t\t\t<\/div>\n\t\t<\/div>\n\t\t\t\t\t\t\t<\/div>\n\t\t<\/section>\n\t\t\t\t\t<\/div>\n\t\t<\/div>\n\t\t\t\t\t\t\t<\/div>\n\t\t<\/section>\n\t\t\t\t\t\t\t<\/div>","protected":false},"excerpt":{"rendered":"<p>Our vision Our mission is to inspire our clients to be focused on preeminent impact and deeply consider sustainability and green agenda as a key factor of social and economic development of their business models. We are working with clients to lead a wave of innovation and economic development growth that safeguards our planet and&#8230;<\/p>","protected":false},"author":1,"featured_media":0,"parent":21090,"menu_order":0,"comment_status":"closed","ping_status":"closed","template":"","meta":{"footnotes":""},"_links":{"self":[{"href":"https:\/\/www.vontobelconsulting.ro\/ro\/wp-json\/wp\/v2\/pages\/21129"}],"collection":[{"href":"https:\/\/www.vontobelconsulting.ro\/ro\/wp-json\/wp\/v2\/pages"}],"about":[{"href":"https:\/\/www.vontobelconsulting.ro\/ro\/wp-json\/wp\/v2\/types\/page"}],"author":[{"embeddable":true,"href":"https:\/\/www.vontobelconsulting.ro\/ro\/wp-json\/wp\/v2\/users\/1"}],"replies":[{"embeddable":true,"href":"https:\/\/www.vontobelconsulting.ro\/ro\/wp-json\/wp\/v2\/comments?post=21129"}],"version-history":[{"count":25,"href":"https:\/\/www.vontobelconsulting.ro\/ro\/wp-json\/wp\/v2\/pages\/21129\/revisions"}],"predecessor-version":[{"id":21187,"href":"https:\/\/www.vontobelconsulting.ro\/ro\/wp-json\/wp\/v2\/pages\/21129\/revisions\/21187"}],"up":[{"embeddable":true,"href":"https:\/\/www.vontobelconsulting.ro\/ro\/wp-json\/wp\/v2\/pages\/21090"}],"wp:attachment":[{"href":"https:\/\/www.vontobelconsulting.ro\/ro\/wp-json\/wp\/v2\/media?parent=21129"}],"curies":[{"name":"wp","href":"https:\/\/api.w.org\/{rel}","templated":true}]}}