{"id":21191,"date":"2022-03-09T16:02:15","date_gmt":"2022-03-09T14:02:15","guid":{"rendered":"https:\/\/www.vontobelconsulting.ro\/?page_id=21191"},"modified":"2022-03-10T15:03:51","modified_gmt":"2022-03-10T13:03:51","slug":"our-approach","status":"publish","type":"page","link":"https:\/\/www.vontobelconsulting.ro\/ro\/our-mission\/our-approach\/","title":{"rendered":"Abordarea noastr\u0103"},"content":{"rendered":"<div data-elementor-type=\"wp-page\" data-elementor-id=\"21191\" class=\"elementor elementor-21191\">\n\t\t\t\t\t\t\t\t\t<section class=\"elementor-section elementor-top-section elementor-element elementor-element-4fef303 elementor-section-boxed elementor-section-height-default elementor-section-height-default\" data-id=\"4fef303\" data-element_type=\"section\">\n\t\t\t\t\t\t<div class=\"elementor-container elementor-column-gap-default\">\n\t\t\t\t\t<div class=\"elementor-column elementor-col-100 elementor-top-column elementor-element elementor-element-ff276dd\" data-id=\"ff276dd\" data-element_type=\"column\">\n\t\t\t<div class=\"elementor-widget-wrap elementor-element-populated\">\n\t\t\t\t\t\t\t\t<div class=\"elementor-element elementor-element-fccd169 elementor-widget elementor-widget-heading\" data-id=\"fccd169\" data-element_type=\"widget\" data-widget_type=\"heading.default\">\n\t\t\t\t<div class=\"elementor-widget-container\">\n\t\t\t<style>\/*! elementor - v3.15.0 - 20-08-2023 *\/\n.elementor-heading-title{padding:0;margin:0;line-height:1}.elementor-widget-heading .elementor-heading-title[class*=elementor-size-]>a{color:inherit;font-size:inherit;line-height:inherit}.elementor-widget-heading .elementor-heading-title.elementor-size-small{font-size:15px}.elementor-widget-heading .elementor-heading-title.elementor-size-medium{font-size:19px}.elementor-widget-heading .elementor-heading-title.elementor-size-large{font-size:29px}.elementor-widget-heading .elementor-heading-title.elementor-size-xl{font-size:39px}.elementor-widget-heading .elementor-heading-title.elementor-size-xxl{font-size:59px}<\/style><h2 class=\"elementor-heading-title elementor-size-default\">Abordarea noastr\u0103<\/h2>\t\t<\/div>\n\t\t\t\t<\/div>\n\t\t\t\t\t<\/div>\n\t\t<\/div>\n\t\t\t\t\t\t\t<\/div>\n\t\t<\/section>\n\t\t\t\t<section class=\"elementor-section elementor-top-section elementor-element elementor-element-326200f elementor-section-boxed elementor-section-height-default elementor-section-height-default\" data-id=\"326200f\" data-element_type=\"section\">\n\t\t\t\t\t\t<div class=\"elementor-container elementor-column-gap-default\">\n\t\t\t\t\t<div class=\"elementor-column elementor-col-100 elementor-top-column elementor-element elementor-element-91b2922\" data-id=\"91b2922\" data-element_type=\"column\">\n\t\t\t<div class=\"elementor-widget-wrap elementor-element-populated\">\n\t\t\t\t\t\t\t\t<div class=\"elementor-element elementor-element-3494b72 elementor-widget elementor-widget-text-editor\" data-id=\"3494b72\" data-element_type=\"widget\" data-widget_type=\"text-editor.default\">\n\t\t\t\t<div class=\"elementor-widget-container\">\n\t\t\t<style>\/*! elementor - v3.15.0 - 20-08-2023 *\/\n.elementor-widget-text-editor.elementor-drop-cap-view-stacked .elementor-drop-cap{background-color:#69727d;color:#fff}.elementor-widget-text-editor.elementor-drop-cap-view-framed .elementor-drop-cap{color:#69727d;border:3px solid;background-color:transparent}.elementor-widget-text-editor:not(.elementor-drop-cap-view-default) .elementor-drop-cap{margin-top:8px}.elementor-widget-text-editor:not(.elementor-drop-cap-view-default) .elementor-drop-cap-letter{width:1em;height:1em}.elementor-widget-text-editor .elementor-drop-cap{float:left;text-align:center;line-height:1;font-size:50px}.elementor-widget-text-editor .elementor-drop-cap-letter{display:inline-block}<\/style>\t\t\t\t<p>Oferim clien\u021bilor no\u0219tri consultan\u021b\u0103 personalizat\u0103 cu privire la cazurile de succes \u0219i la abord\u0103rile relevante din diferite \u021b\u0103ri \u0219i le adapt\u0103m la situa\u021bia lor local\u0103 specific\u0103, lucr\u00e2nd \u00eendeaproape cu ei.<\/p><p>Ajut\u0103m oamenii din cadrul companiilor s\u0103 \u00ee\u0219i dezvolte solu\u021biile durabile. Rezolv\u0103m problemele legate de nevoile urgente care pot ap\u0103rea \u0219i o facem cu pasiune pentru excelen\u021b\u0103. Suntem curio\u0219i din punct de vedere intelectual \u0219i foarte colaborativi.<\/p><p>Principiile abord\u0103rii noastre pot fi rezumate astfel:<\/p><ul><li>Considerarea sustenabilit\u0103\u021bii \u0219i a agendei ecologice drept factori cheie<\/li><li>Adoptarea de solu\u021bii personalizate \u0219i durabile<\/li><li>Dezvoltarea de parteneriate puternice<\/li><li>Cunoa\u0219terea condi\u021biilor pie\u021bei locale<\/li><li>Stabilirea unei pun\u021bi de leg\u0103tur\u0103 \u00eentre actorii publici \u0219i cei priva\u021bi<\/li><\/ul><p>Punem totul \u00een joc pentru ca investi\u021bia s\u0103 se realizeze.<\/p>\t\t\t\t\t\t<\/div>\n\t\t\t\t<\/div>\n\t\t\t\t\t<\/div>\n\t\t<\/div>\n\t\t\t\t\t\t\t<\/div>\n\t\t<\/section>\n\t\t\t\t<section class=\"elementor-section elementor-top-section elementor-element elementor-element-01d76fa elementor-section-stretched elementor-section-full_width elementor-section-height-default elementor-section-height-default\" data-id=\"01d76fa\" data-element_type=\"section\" data-settings=\"{&quot;stretch_section&quot;:&quot;section-stretched&quot;,&quot;background_background&quot;:&quot;classic&quot;}\">\n\t\t\t\t\t\t<div class=\"elementor-container elementor-column-gap-default\">\n\t\t\t\t\t<div class=\"elementor-column elementor-col-100 elementor-top-column elementor-element elementor-element-5ad5e8f\" data-id=\"5ad5e8f\" data-element_type=\"column\">\n\t\t\t<div class=\"elementor-widget-wrap elementor-element-populated\">\n\t\t\t\t\t\t\t\t<section class=\"elementor-section elementor-inner-section elementor-element elementor-element-e225277 elementor-section-boxed elementor-section-height-default elementor-section-height-default\" data-id=\"e225277\" data-element_type=\"section\">\n\t\t\t\t\t\t<div class=\"elementor-container elementor-column-gap-default\">\n\t\t\t\t\t<div class=\"elementor-column elementor-col-50 elementor-inner-column elementor-element elementor-element-8de1ae6\" data-id=\"8de1ae6\" data-element_type=\"column\">\n\t\t\t<div class=\"elementor-widget-wrap elementor-element-populated\">\n\t\t\t\t\t\t\t\t<div class=\"elementor-element elementor-element-c15a0d5 elementor-widget elementor-widget-rs-heading\" data-id=\"c15a0d5\" data-element_type=\"widget\" data-widget_type=\"rs-heading.default\">\n\t\t\t\t<div class=\"elementor-widget-container\">\n\t\t\t        <div class=\"rs-heading default\">\r\n        \t<div class=\"title-inner\">        \t\t      \t\t\r\n\t            <span class=\"sub-text\">Pl\u0103nui\u021bi s\u0103 \u00eencepe\u021bi un proiect<\/span><h2 class=\"title\"><span class=\"watermark\"><\/span>Exper\u021bii no\u0219tri preg\u0103ti\u021bi s\u0103 v\u0103 ajute<\/h2>\t\t\t\t\t        <\/div>\r\n\t                <\/div>\r\n\r\n        \t\t<\/div>\n\t\t\t\t<\/div>\n\t\t\t\t\t<\/div>\n\t\t<\/div>\n\t\t\t\t<div class=\"elementor-column elementor-col-50 elementor-inner-column elementor-element elementor-element-76d51c7\" data-id=\"76d51c7\" data-element_type=\"column\">\n\t\t\t<div class=\"elementor-widget-wrap elementor-element-populated\">\n\t\t\t\t\t\t\t\t<div class=\"elementor-element elementor-element-22277f2 elementor-widget elementor-widget-rs-button\" data-id=\"22277f2\" data-element_type=\"widget\" data-widget_type=\"rs-button.default\">\n\t\t\t\t<div class=\"elementor-widget-container\">\n\t\t\t\t\r\n\t\t\r\n\t\t\t\t\t<div class=\"rs-btn\">\r\n\t\t\t\t\t\t\t\t<a class=\"readon rs_button\" href=\"\" >\t\t\t\t\r\n\t\t\t\t\t<span class=\"btn_text\">Contacta\u021bi-ne<\/span>\r\n\t\t\t\t\t\t\t\t\t<\/a>\r\n\t\t\t<\/div> \r\n\t\t   \r\n\t\t\t<\/div>\n\t\t\t\t<\/div>\n\t\t\t\t\t<\/div>\n\t\t<\/div>\n\t\t\t\t\t\t\t<\/div>\n\t\t<\/section>\n\t\t\t\t\t<\/div>\n\t\t<\/div>\n\t\t\t\t\t\t\t<\/div>\n\t\t<\/section>\n\t\t\t\t\t\t\t<\/div>","protected":false},"excerpt":{"rendered":"<p>Our approach We provide our clients with tailored consulting advice about success cases and relevant approaches drawn from a wide range of different countries and adapt those to their local specific situation by working closely with them. We help people within the companies to develop their sustainable solutions. We are problem solvers of urgent needs&#8230;<\/p>","protected":false},"author":1,"featured_media":0,"parent":21090,"menu_order":0,"comment_status":"closed","ping_status":"closed","template":"","meta":{"footnotes":""},"_links":{"self":[{"href":"https:\/\/www.vontobelconsulting.ro\/ro\/wp-json\/wp\/v2\/pages\/21191"}],"collection":[{"href":"https:\/\/www.vontobelconsulting.ro\/ro\/wp-json\/wp\/v2\/pages"}],"about":[{"href":"https:\/\/www.vontobelconsulting.ro\/ro\/wp-json\/wp\/v2\/types\/page"}],"author":[{"embeddable":true,"href":"https:\/\/www.vontobelconsulting.ro\/ro\/wp-json\/wp\/v2\/users\/1"}],"replies":[{"embeddable":true,"href":"https:\/\/www.vontobelconsulting.ro\/ro\/wp-json\/wp\/v2\/comments?post=21191"}],"version-history":[{"count":11,"href":"https:\/\/www.vontobelconsulting.ro\/ro\/wp-json\/wp\/v2\/pages\/21191\/revisions"}],"predecessor-version":[{"id":21205,"href":"https:\/\/www.vontobelconsulting.ro\/ro\/wp-json\/wp\/v2\/pages\/21191\/revisions\/21205"}],"up":[{"embeddable":true,"href":"https:\/\/www.vontobelconsulting.ro\/ro\/wp-json\/wp\/v2\/pages\/21090"}],"wp:attachment":[{"href":"https:\/\/www.vontobelconsulting.ro\/ro\/wp-json\/wp\/v2\/media?parent=21191"}],"curies":[{"name":"wp","href":"https:\/\/api.w.org\/{rel}","templated":true}]}}