{"id":21378,"date":"2022-03-17T20:21:29","date_gmt":"2022-03-17T18:21:29","guid":{"rendered":"https:\/\/www.vontobelconsulting.ro\/?page_id=21378"},"modified":"2023-04-25T16:58:11","modified_gmt":"2023-04-25T13:58:11","slug":"investment-support","status":"publish","type":"page","link":"https:\/\/www.vontobelconsulting.ro\/ro\/our-services\/investment-support\/","title":{"rendered":"Sprijinirea investi\u021biilor"},"content":{"rendered":"<div data-elementor-type=\"wp-page\" data-elementor-id=\"21378\" class=\"elementor elementor-21378\">\n\t\t\t\t\t\t\t\t\t<section class=\"elementor-section elementor-top-section elementor-element elementor-element-7413b28d elementor-section-full_width elementor-section-content-top elementor-section-height-default elementor-section-height-default\" data-id=\"7413b28d\" data-element_type=\"section\">\n\t\t\t\t\t\t<div class=\"elementor-container elementor-column-gap-wide\">\n\t\t\t\t\t<div class=\"elementor-column elementor-col-50 elementor-top-column elementor-element elementor-element-454c238e\" data-id=\"454c238e\" data-element_type=\"column\">\n\t\t\t<div class=\"elementor-widget-wrap elementor-element-populated\">\n\t\t\t\t\t\t\t\t<div class=\"elementor-element elementor-element-7c02dbbf elementor-widget elementor-widget-rs-heading\" data-id=\"7c02dbbf\" data-element_type=\"widget\" data-widget_type=\"rs-heading.default\">\n\t\t\t\t<div class=\"elementor-widget-container\">\n\t\t\t        <div class=\"rs-heading style14\">\r\n        \t<div class=\"title-inner\">        \t\t      \t\t\r\n\t            <span class=\"sub-text\">Serviciile noastre<\/span><h2 class=\"title\"><span class=\"watermark\"><\/span>SPRIJINIREA INVESTI\u021aIILOR<\/h2>\t\t\t\t\t\t\t\t\t<div class=\"heading-line\"><\/div>\r\n\t\t\t\t\t        <\/div>\r\n\t                <\/div>\r\n\r\n        \t\t<\/div>\n\t\t\t\t<\/div>\n\t\t\t\t<div class=\"elementor-element elementor-element-2acdf13 elementor-widget elementor-widget-text-editor\" data-id=\"2acdf13\" data-element_type=\"widget\" data-widget_type=\"text-editor.default\">\n\t\t\t\t<div class=\"elementor-widget-container\">\n\t\t\t<style>\/*! elementor - v3.15.0 - 20-08-2023 *\/\n.elementor-widget-text-editor.elementor-drop-cap-view-stacked .elementor-drop-cap{background-color:#69727d;color:#fff}.elementor-widget-text-editor.elementor-drop-cap-view-framed .elementor-drop-cap{color:#69727d;border:3px solid;background-color:transparent}.elementor-widget-text-editor:not(.elementor-drop-cap-view-default) .elementor-drop-cap{margin-top:8px}.elementor-widget-text-editor:not(.elementor-drop-cap-view-default) .elementor-drop-cap-letter{width:1em;height:1em}.elementor-widget-text-editor .elementor-drop-cap{float:left;text-align:center;line-height:1;font-size:50px}.elementor-widget-text-editor .elementor-drop-cap-letter{display:inline-block}<\/style>\t\t\t\t<p>VONTOBEL ofer\u0103 <strong>sprijin pentru a g\u0103si partenerii locali potrivi\u021bi pe noile pie\u021be emergente,<\/strong> cum ar fi \u021b\u0103rile din Europa Central\u0103 \u0219i de Est. \u00cen cazul \u00een care compania dumneavoastr\u0103 este interesat\u0103 s\u0103 investeasc\u0103 pe aceste pie\u021be, VONTOBEL <strong>pune \u00een rela\u021bie cu firme locale care ar putea fi de interes<\/strong>, firme care \u0219i-au croit drumul cu succes \u0219i care sunt bine introduse pe plan local. Oferim <strong>servicii pentru construirea de idei de afaceri \u0219i propuneri care s\u0103 fie prezentate pe noile pie\u021be emergente.<\/strong> Acest lucru merge de la consultan\u021b\u0103 privind planurile de afaceri, propuneri de investi\u021bii, evaluarea cadrului legal \u0219i sprijin general pentru IMM-uri \u00een ceea ce prive\u0219te accesul la finan\u021bare, dezvoltarea resurselor umane, ocuparea for\u021bei de munc\u0103 \u0219i formare profesional\u0103, marketing \u0219i v\u00e2nz\u0103ri, toate \u00een cadrul dezvolt\u0103rii durabile.<\/p>\n<ul>\n<li><strong>Responsabilitatea social\u0103 ca un nou mod de dezvoltare a afacerilor<\/strong><\/li>\n<li><strong>Certificat de evaluare privind responsabilitatea social\u0103<\/strong><\/li>\n<\/ul>\n<p>La VONTOBEL, credem c\u0103 dezvoltarea durabil\u0103 poate fi realizat\u0103 doar printr-un comportament responsabil din punct de vedere social. VONTOBEL ofer\u0103 \u00eendrum\u0103ri organiza\u021biilor publice \u0219i private din \u00eentreaga lume cu privire la modul de abordare a problemelor de responsabilitate social\u0103 \u0219i la modul de aplicare intern\u0103 la toate nivelurile func\u021bionale:<\/p>\n<ul>\n<li>O <strong>evaluare detaliat\u0103 complet\u0103<\/strong> \u0219i o analiz\u0103  a Organiza\u021biei pentru a-i evalua <strong>politica corporativ\u0103<\/strong>, modul de func\u021bionare, cultura intern\u0103, procesul de luare a deciziilor \u0219i ac\u021biunile \u00een ceea ce prive\u0219te principiile cheie ale responsabilit\u0103\u021bii sociale. VONTOBEL a definit un cadru metodologic strategic care ia \u00een considerare principiile sociale cheie pe baza <strong>standardelor interna\u021bionale<\/strong> \u0219i a principiilor directoare, cum ar fi ISO 26000, orient\u0103rile strategice GRI, SD 21000 \u0219i alte documente metodologice relevante privind Responsabilitatea Social\u0103.<\/li>\n<li>Pe baza evalu\u0103rii anterioare, VONTOBEL elaboreaz\u0103 un set de <strong>recomand\u0103ri pentru \u00eembun\u0103t\u0103\u021birea Responsabilit\u0103\u021bii Sociale<\/strong> \u00een cadrul organiza\u021biei. Toate recomand\u0103rile sunt apoi prezentate \u00een cadrul unei reuniuni de validare<strong>. \u00cen str\u00e2ns\u0103 cooperare<\/strong> cu personalul de conducere, echipa noastr\u0103 va identifica viitoarele linii directoare \u0219i orientarea principal\u0103 a ac\u021biunilor de Responsabilitate Social\u0103 pe care Organiza\u021bia dore\u0219te s\u0103 le implementeze. VONTOBEL va dezvolta apoi <strong>un document strategic adaptat pentru \u00eembun\u0103t\u0103\u021biri \u00een domeniul Responsabilit\u0103\u021bii Sociale<\/strong> \u00eempreun\u0103 cu <strong>planul s\u0103u de ac\u021biune<\/strong> pentru implementare, inclusiv <strong>indicatori specifici de Performan\u021b\u0103 Global\u0103.<\/strong>.<\/li>\n<\/ul>\n<p>La VONTOBEL vom oferi urm\u0103toarele servicii de consultan\u021b\u0103:<\/p>\n<ul>\n<li><strong>Evaluarea organiza\u021biilor publice \u0219i private cu privire la capacitatea lor de a se conforma cerin\u021belor de responsabilitate social\u0103.<\/strong><\/li>\n<li><strong>\u00centocmirea rapoartelor anuale privind responsabilitatea social\u0103 \u0219i dezvoltarea durabil\u0103<\/strong><\/li>\n<li><strong>Definirea strategiei privind dezvoltarea durabil\u0103 \u0219i Responsabilitatea Social\u0103<\/strong><\/li>\n<li><strong>Servicii de consultan\u021b\u0103 \u0219i coaching \u00een domeniul responsabilit\u0103\u021bii sociale<\/strong><\/li>\n<\/ul>\n<p>\u00cen paralel cu consultan\u021ba strategic\u0103 oferit\u0103, VONTOBEL ofer\u0103 <strong>coaching, <\/strong>organizeaz\u0103 <strong>sesiuni de formare \u0219i <\/strong>conduce <strong>activit\u0103\u021bi de comunicare<\/strong> cu scopul de a ajuta organiza\u021biile s\u0103 implementeze \u0219i <strong>s\u0103 pun\u0103 \u00een practic\u0103 <\/strong>ac\u021biuni concrete de responsabilitate social\u0103 \u00een <strong>func\u021bionarea lor zilnic\u0103.<\/strong>.<\/p>\n<ul>\n<li>Pe baza unei identific\u0103ri preliminare a nevoilor, VONTOBEL dezvolt\u0103 diverse activit\u0103\u021bi de consultan\u021b\u0103, cum ar fi <strong>traininguri practice <\/strong>privind modul de abordare a problemelor de responsabilitate social\u0103 \u00een cadrul organiza\u021biei, modul de introducere \u0219i implementare a principiilor de responsabilitate social\u0103 (concepte de baz\u0103 \u0219i avansate, considera\u021bii sociale \u0219i de mediu etc.),<strong> precum \u0219i coaching la locul de munc\u0103<\/strong> pentru a ajuta organiza\u021biile s\u0103 implementeze principiile de responsabilitate social\u0103 \u00een activit\u0103\u021bile lor de lucru zilnice.<\/li>\n<li>VONTOBEL elaboreaz\u0103, de asemenea, campanii specifice <strong>de informare<\/strong> pentru a sprijini \u0219i a sensibiliza Organiza\u021bia cu privire la importan\u021ba politicii de responsabilitate social\u0103 \u0219i implica\u021biile sale concrete. Aceste campanii de informare prezint\u0103 numeroase beneficii pentru Organiza\u021bie, deoarece <strong>consolideaz\u0103 angajamentul personalului \u0219i demonstreaz\u0103 implicarea.<\/strong>.<\/li>\n<li>Datorit\u0103 re\u021belei sale consolidate, VONTOBEL ofer\u0103 organiza\u021biilor oportunitatea de a intra \u00een contact \u0219i de a \u00eencheia parteneriate cu al\u021bi actori relevan\u021bi interesa\u021bi de aspecte legate de Responsabilitatea Social\u0103, <strong>de a face schimb de bune practici,<\/strong>precum \u0219i de a face parte din <strong>re\u021belele locale, regionale \u0219i interna\u021bionale<\/strong> din acest sector.<\/li>\n<\/ul>\n<p>Apoi, pot fi oferite urm\u0103toarele activit\u0103\u021bi:<\/p>\n<ul>\n<li><strong>Sesiuni de formare de baz\u0103 \u0219i avansate pe teme relevante legate de Responsabilitatea Social\u0103 \u0219i Dezvoltarea Durabil\u0103<\/strong><\/li>\n<li><strong>Coaching la locul de munc\u0103 pentru implementarea activ\u0103 a principiilor de responsabilitate social\u0103<\/strong><\/li>\n<li><strong>Acces la re\u021bele locale, regionale \u0219i interna\u021bionale<\/strong><\/li>\n<li><strong>Campanii de con\u0219tientizare \u0219i credibilitate privind politica de responsabilitate social\u0103<\/strong><\/li>\n<li><strong>Implementarea proiectelor de responsabilitate social\u0103<\/strong><\/li>\n<\/ul>\n<p><span style=\"color: var( --e-global-color-text ); font-family: var( --e-global-typography-text-font-family ), Sans-serif; font-weight: var( --e-global-typography-text-font-weight );\">VONTOBEL<\/span><span style=\"color: var( --e-global-color-text ); font-family: var( --e-global-typography-text-font-family ), Sans-serif; font-weight: var( --e-global-typography-text-font-weight );\">&nbsp;<\/span>a acumulat o experien\u021b\u0103 consolidat\u0103 \u00een implementarea proiectelor de dezvoltare. Suntem capabili at\u00e2t s\u0103 elabor\u0103m proiecte pe baza unor linii directoare definite de o gam\u0103 larg\u0103 de institu\u021bii finan\u021batoare, c\u00e2t \u0219i s\u0103 ascult\u0103m cu aten\u021bie cerin\u021bele specifice definite de unii clien\u021bi priva\u021bi. Proiectele noastre de dezvoltare sunt adaptate la nevoile locale \u0219i la a\u0219tept\u0103rile clien\u021bilor \u0219i pot varia ca m\u0103rime, loca\u021bie \u0219i tematic\u0103. Toate proiectele au inclus indicatori verificabili de realizare \u0219i de impact. \u00centotdeauna furniz\u0103m un certificat de audit eliberat de o firm\u0103 de audit interna\u021bional\u0103 extern\u0103 pentru a asigura utilizarea transparent\u0103 \u0219i corect\u0103 a fondurilor utilizate pentru finan\u021barea proiectului. &nbsp;<\/p>\n<p>Printre serviciile oferite,&nbsp;<span style=\"color: var( --e-global-color-text ); font-family: var( --e-global-typography-text-font-family ), Sans-serif; font-weight: var( --e-global-typography-text-font-weight );\">VONTOBEL<\/span><span style=\"color: var( --e-global-color-text ); font-family: var( --e-global-typography-text-font-family ), Sans-serif; font-weight: var( --e-global-typography-text-font-weight );\">&nbsp;<\/span><\/p>\n<ul>\n<li><strong>Elaborarea de proiecte de dezvoltare personalizate \u00een func\u021bie de o anumit\u0103 cerere \"a la carte\"<\/strong><\/li>\n<li><strong>Preg\u0103tirea cererilor de finan\u021bare pentru proiecte specifice de responsabilitate social\u0103<\/strong><\/li>\n<li><strong>Monitorizarea \u0219i punerea \u00een aplicare integral\u0103 a ac\u021biunilor definite<\/strong><\/li>\n<\/ul>\n<p><strong>Promovarea parteneriatului public-privat pentru finan\u021barea unor proiecte specifice<\/strong><\/p>\t\t\t\t\t\t<\/div>\n\t\t\t\t<\/div>\n\t\t\t\t\t<\/div>\n\t\t<\/div>\n\t\t\t\t<div class=\"elementor-column elementor-col-50 elementor-top-column elementor-element elementor-element-166d7293 animated-slow\" data-id=\"166d7293\" data-element_type=\"column\" data-settings=\"{&quot;animation&quot;:&quot;none&quot;,&quot;animation_delay&quot;:500}\">\n\t\t\t<div class=\"elementor-widget-wrap elementor-element-populated\">\n\t\t\t\t\t\t\t\t<div class=\"elementor-element elementor-element-5c2a6719 animated-slow elementor-widget elementor-widget-image\" data-id=\"5c2a6719\" data-element_type=\"widget\" data-settings=\"{&quot;_animation&quot;:&quot;none&quot;}\" data-widget_type=\"image.default\">\n\t\t\t\t<div class=\"elementor-widget-container\">\n\t\t\t<style>\/*! elementor - v3.15.0 - 20-08-2023 *\/\n.elementor-widget-image{text-align:center}.elementor-widget-image a{display:inline-block}.elementor-widget-image a img[src$=\".svg\"]{width:48px}.elementor-widget-image img{vertical-align:middle;display:inline-block}<\/style>\t\t\t\t\t\t\t\t\t\t\t\t<img decoding=\"async\" loading=\"lazy\" width=\"640\" height=\"360\" src=\"https:\/\/www.vontobelconsulting.ro\/wp-content\/uploads\/2022\/03\/front-view-finance-business-elements-assortment-1024x576.jpg\" class=\"attachment-large size-large wp-image-21400\" alt=\"Investment Support\" srcset=\"https:\/\/www.vontobelconsulting.ro\/wp-content\/uploads\/2022\/03\/front-view-finance-business-elements-assortment-1024x576.jpg 1024w, https:\/\/www.vontobelconsulting.ro\/wp-content\/uploads\/2022\/03\/front-view-finance-business-elements-assortment-300x169.jpg 300w, https:\/\/www.vontobelconsulting.ro\/wp-content\/uploads\/2022\/03\/front-view-finance-business-elements-assortment-768x432.jpg 768w, https:\/\/www.vontobelconsulting.ro\/wp-content\/uploads\/2022\/03\/front-view-finance-business-elements-assortment-1536x864.jpg 1536w, https:\/\/www.vontobelconsulting.ro\/wp-content\/uploads\/2022\/03\/front-view-finance-business-elements-assortment-600x338.jpg 600w, https:\/\/www.vontobelconsulting.ro\/wp-content\/uploads\/2022\/03\/front-view-finance-business-elements-assortment.jpg 2000w\" sizes=\"(max-width: 640px) 100vw, 640px\" \/>\t\t\t\t\t\t\t\t\t\t\t\t\t\t\t<\/div>\n\t\t\t\t<\/div>\n\t\t\t\t\t<\/div>\n\t\t<\/div>\n\t\t\t\t\t\t\t<\/div>\n\t\t<\/section>\n\t\t\t\t\t\t\t<\/div>","protected":false},"excerpt":{"rendered":"<p>Our services INVESTMENT SUPPORT VONTOBEL provides support to find the right local partners in new emerging markets such as Central and Eastern European Countries. If your Company is interested in investing in those markets, VONTOBEL puts into relation with local firms that might be of your interest, firms that have made their path with success&#8230;<\/p>","protected":false},"author":1,"featured_media":0,"parent":11559,"menu_order":0,"comment_status":"closed","ping_status":"closed","template":"","meta":{"footnotes":""},"_links":{"self":[{"href":"https:\/\/www.vontobelconsulting.ro\/ro\/wp-json\/wp\/v2\/pages\/21378"}],"collection":[{"href":"https:\/\/www.vontobelconsulting.ro\/ro\/wp-json\/wp\/v2\/pages"}],"about":[{"href":"https:\/\/www.vontobelconsulting.ro\/ro\/wp-json\/wp\/v2\/types\/page"}],"author":[{"embeddable":true,"href":"https:\/\/www.vontobelconsulting.ro\/ro\/wp-json\/wp\/v2\/users\/1"}],"replies":[{"embeddable":true,"href":"https:\/\/www.vontobelconsulting.ro\/ro\/wp-json\/wp\/v2\/comments?post=21378"}],"version-history":[{"count":23,"href":"https:\/\/www.vontobelconsulting.ro\/ro\/wp-json\/wp\/v2\/pages\/21378\/revisions"}],"predecessor-version":[{"id":21666,"href":"https:\/\/www.vontobelconsulting.ro\/ro\/wp-json\/wp\/v2\/pages\/21378\/revisions\/21666"}],"up":[{"embeddable":true,"href":"https:\/\/www.vontobelconsulting.ro\/ro\/wp-json\/wp\/v2\/pages\/11559"}],"wp:attachment":[{"href":"https:\/\/www.vontobelconsulting.ro\/ro\/wp-json\/wp\/v2\/media?parent=21378"}],"curies":[{"name":"wp","href":"https:\/\/api.w.org\/{rel}","templated":true}]}}